{"id":1131,"date":"2015-11-25T20:18:29","date_gmt":"2015-11-25T20:18:29","guid":{"rendered":"http:\/\/muchastelas.com\/blog\/?page_id=1131"},"modified":"2015-11-27T16:05:17","modified_gmt":"2015-11-27T16:05:17","slug":"politica-de-privacidad-sorteo-modisitllas-mk","status":"publish","type":"page","link":"https:\/\/www.muchastelas.com\/blog\/politica-de-privacidad-sorteo-modisitllas-mk\/","title":{"rendered":"Pol\u00edtica de Privacidad sorteo Modisitllas"},"content":{"rendered":"<div class=\"row\">\n<div class=\"span12\">\n<h1 class=\"main-title\" style=\"text-align: justify;\">Pol\u00edtica de privacidad<\/h1>\n<h3 style=\"text-align: justify;\">General<\/h3>\n<p style=\"text-align: justify;\">En el marco del cumplimiento de la Ley Org\u00e1nica 15\/1999, de 13 de diciembre, de Protecci\u00f3n de Datos de Car\u00e1cter Personal, le informamos que los datos personales que nos suministre a trav\u00e9s de la p\u00e1gina web http:\/\/muchastelas.com (en adelante Muchas telas), ser\u00e1n tratados de forma confidencial y pasar\u00e1n a formar parte de ficheros titularidad de Muchas Telas.<\/p>\n<p class=\"line-break\" style=\"text-align: justify;\">El usuario puede ejercitar sus derechos de acceso, rectificaci\u00f3n, cancelaci\u00f3n y oposici\u00f3n con arreglo a lo previsto en la Ley Org\u00e1nica 15\/1999, de 13 de diciembre, de Protecci\u00f3n de Datos de Car\u00e1cter Personal, v\u00eda correo electr\u00f3nico a telas@muchastelas.com o en los t\u00e9rminos que la normativa aplicable establece.<\/p>\n<p class=\"line-break\" style=\"text-align: justify;\">Muchas Telas est\u00e1 comprometido a proteger su privacidad. En esta Pol\u00edtica de Privacidad se describe la informaci\u00f3n que Muchas Telas recoge sobre sus Usuarios y visitantes y lo que puede ocurrir con dicha informaci\u00f3n. Si no est\u00e1 de acuerdo con esta Pol\u00edtica de Privacidad no utilice el Sitio.<\/p>\n<p class=\"line-break\" style=\"text-align: justify;\">Nuestra Pol\u00edtica de Privacidad asegura que cualquier informaci\u00f3n que nos provea ser\u00e1 mantenida privada y segura. Para dar fe de esto, en este documento proveemos los detalles de qu\u00e9 informaci\u00f3n recabamos y de qu\u00e9 manera la utilizamos. Nunca recolectaremos informaci\u00f3n sin su consentimiento expl\u00edcito.<\/p>\n<p class=\"line-break\" style=\"text-align: justify;\">Este documento es parte integrante de los de Muchas Telas. Mediante la aceptaci\u00f3n de los el Usuario acepta las Pol\u00edticas de Privacidad aqu\u00ed contenidas.<\/p>\n<h3 style=\"text-align: justify;\">Seguridad y almacenamiento<\/h3>\n<p style=\"text-align: justify;\">Muchas Telas ha adoptado los niveles de seguridad adecuados a los datos que se facilitan y, adem\u00e1s, se han instalado todos los medios y medidas t\u00e9cnicas a su alcance para evitar la p\u00e9rdida, mal uso, alteraci\u00f3n, acceso no autorizado y robo de los datos que nos facilitan.<\/p>\n<p class=\"line-break\" style=\"text-align: justify;\">Sin embargo, es necesario tener en cuenta que la seguridad perfecta no existe en Internet. Por ello, Muchas Telas no se hace responsable por interceptaciones ilegales o violaci\u00f3n de sus sistemas o bases de datos por parte de personas no autorizadas. Muchas Telas, tampoco se hace responsable por la indebida utilizaci\u00f3n de la informaci\u00f3n obtenida por esos medios.<\/p>\n<h3 style=\"text-align: justify;\">La informaci\u00f3n que recabamos<\/h3>\n<p style=\"text-align: justify;\">Recabamos informaci\u00f3n de identificaci\u00f3n personal que es cedida voluntariamente durante el proceso de registro o en respuesta a requerimientos expl\u00edcitos presentados por Muchas Telas.<\/p>\n<p class=\"line-break\" style=\"text-align: justify;\">Tambi\u00e9n podemos recabar su direcci\u00f3n de IP (Internet Protocol) para ayudar a diagnosticar problemas con nuestro servidor, y para administrar el Sitio. Una direcci\u00f3n de IP es un n\u00famero que se le asigna a su computadora cuando usa internet. Su direcci\u00f3n de IP tambi\u00e9n es utilizada para ayudar a identificarle dentro de una sesi\u00f3n particular y para recolectar informaci\u00f3n demogr\u00e1fica general.<\/p>\n<p class=\"line-break\" style=\"text-align: justify;\">Se establece que en cualquier momento los Usuarios de Muchas Telas podr\u00e1n solicitar la baja de su solicitud y la eliminaci\u00f3n de su cuenta e informaci\u00f3n de la base de datos de Muchas Telas.<\/p>\n<p class=\"line-break\" style=\"text-align: justify;\">Muchas Telas recoge y almacena autom\u00e1ticamente cierta informaci\u00f3n sobre la actividad de los Usuarios dentro de nuestro Sitio web. Tal informaci\u00f3n puede incluir la URL de la que provienen (est\u00e9n o no en nuestro Sitio web), a qu\u00e9 URL acceden seguidamente (est\u00e9n o no en nuestro Sitio web), qu\u00e9 navegador est\u00e1n usando, as\u00ed como tambi\u00e9n las p\u00e1ginas visitadas, las b\u00fasquedas realizadas, las publicaciones, compras o ventas, mensajes, etc.<\/p>\n<h3 style=\"text-align: justify;\">Uso que hacemos de la informaci\u00f3n<\/h3>\n<p style=\"text-align: justify;\">Para suministrar un excelente servicio y para que los Usuarios puedan realizar operaciones en forma \u00e1gil y segura, Muchas Telas requiere ciertos datos de car\u00e1cter personal. La recolecci\u00f3n de informaci\u00f3n nos permite ofrecerles servicios y funcionalidades que se adecuan mejor a sus necesidades. Asimismo le permite a Muchas Telas hacerle llegar por distintos medios y v\u00edas (incluyendo mail, SMS, etc.) Cupones de ofertas de productos y servicios que creemos pueden serle de inter\u00e9s. Los Datos Personales que recabamos tienen las siguientes finalidades:<\/p>\n<ul style=\"text-align: justify;\">\n<li>Proceder a la facturaci\u00f3n y cobro del Cup\u00f3n adquirido por el Usuario.<\/li>\n<li>Ponernos en contacto directo con Ud. cada vez que Muchas Telas lo considere conveniente con el fin de ofrecerle por distintos medios y v\u00edas (incluyendo mail, SMS, etc.) ofertas de otros productos y\/o servicios.<\/li>\n<li>Desarrollar estudios internos sobre los intereses, el comportamiento y la demograf\u00eda de los Usuarios con el objetivo de comprender mejor sus necesidades e intereses y darle un mejor servicio o proveerles informaci\u00f3n relacionada.<\/li>\n<li>Mejorar nuestras iniciativas comerciales y promocionales para analizar las p\u00e1ginas m\u00e1s visitadas por los Usuarios, las b\u00fasquedas realizadas, perfeccionar nuestra oferta de contenidos, personalizar dichos contenidos, presentaci\u00f3n y servicios.<\/li>\n<li>Enviar informaci\u00f3n o mensajes sobre nuevos productos y\/o servicios, mostrar publicidad o promociones, banners, de inter\u00e9s para nuestros Usuarios, noticias sobre Muchas Telas, adem\u00e1s de toda otra informaci\u00f3n que creamos conveniente. Si el Usuario lo prefiere, puede solicitar que lo excluyan de las listas para el env\u00edo de informaci\u00f3n promocional o publicitaria.<\/li>\n<li>Compartir los Datos Personales con empresas de servicios o empresas de \u00aboutsourcing\u00bb que contribuyan a mejorar o a facilitar las operaciones a trav\u00e9s de Muchas Telas, como (sin limitarse a) medios de pago, seguros o intermediarios en la gesti\u00f3n de pagos, entre otros. Estas compa\u00f1\u00edas o sitios de Internet generalmente tienen pol\u00edticas sobre confidencialidad de la informaci\u00f3n similar a las nuestras. Sin embargo, Muchas Telas velar\u00e1 porque se cumplan ciertos est\u00e1ndares, mediante la firma de acuerdos o convenios cuyo objeto sea la privacidad de los Datos Personales de nuestros Usuarios. No obstante, Muchas Telas no se hace responsable por el uso indebido de los Datos Personales del Usuario que hagan estas compa\u00f1\u00edas o sitios de Internet. En algunos casos, estos proveedores de servicios ser\u00e1n quienes recojan informaci\u00f3n directamente del Usuario (por ejemplo si les solicitamos que realicen encuestas o estudios). En tales casos, recibir\u00e1 una notificaci\u00f3n acerca de la participaci\u00f3n de un proveedor de servicios en tales actividades, y quedar\u00e1 a discreci\u00f3n del Usuario toda la informaci\u00f3n que quiera brindarle y los usos adicionales que los proveedores decidan hacer. En caso de que Ud. facilite, por propia iniciativa informaci\u00f3n adicional a dichos prestadores de servicios directamente, tales prestadores usar\u00e1n esa informaci\u00f3n conforme a sus propias pol\u00edticas de privacidad.<\/li>\n<li>Suministrar los Datos Personales de los Usuarios a las entidades que intervengan en la resoluci\u00f3n de disputas entre los mismos, tales como: Compa\u00f1\u00edas de Seguros o tribunales competentes para solucionar tales disputas.<\/li>\n<\/ul>\n<h3 style=\"text-align: justify;\">Confidencialidad<\/h3>\n<p style=\"text-align: justify;\">Los datos de los Usuarios ser\u00e1n suministrados \u00fanicamente por Muchas Telas en las formas establecidas en estas Pol\u00edticas de Privacidad. Muchas Telas har\u00e1 todo lo que est\u00e9 a su alcance para proteger la privacidad de la informaci\u00f3n. Puede suceder que en virtud de \u00f3rdenes judiciales, o de regulaciones legales, Muchas Telas se vea compelido a revelar informaci\u00f3n a las autoridades o terceras partes bajo ciertas circunstancias, o bien en casos que terceras partes puedan interceptar o acceder a cierta informaci\u00f3n o transmisiones de datos en cuyo caso Muchas Telas no responder\u00e1 por la informaci\u00f3n que sea revelada.<\/p>\n<h3 style=\"text-align: justify;\">Cookies<\/h3>\n<p style=\"text-align: justify;\">El Usuario del Sitio web de Muchas Telas conoce y acepta que Muchas Telas podr\u00e1 utilizar un sistema de seguimiento mediante la utilizaci\u00f3n de cookies. Las Cookies son peque\u00f1os archivos que se instalan en el disco duro, con una duraci\u00f3n limitada en el tiempo que ayudan a personalizar los servicios. Por favor, lea nuestra para m\u00e1s informaci\u00f3n:<\/p>\n<h3 style=\"text-align: justify;\">Servicio de Newsletter y comunicaciones electr\u00f3nicas<\/h3>\n<p style=\"text-align: justify;\">La cumplimentaci\u00f3n y env\u00edo de los formularios electr\u00f3nicos de Muchas Telas, supone el consentimiento expreso del usuario al env\u00edo de las siguientes comunicaciones electr\u00f3nicas:<\/p>\n<ul style=\"text-align: justify;\">\n<li>Servicio de Newsletter: Muchas Telas dispone de un servicio de Newsletter personalizado mediante correo electr\u00f3nico, a trav\u00e9s del cual Muchas Telas presenta ofertas, art\u00edculos, promociones y cualquier otro contenido que considere relevante para el usuario. Siempre ofreceremos la posibilidad de desuscribirse (opt-out) para dejar de recibir la Newsletter en el futuro.<\/li>\n<\/ul>\n<p class=\"line-break\" style=\"text-align: justify;\">Tambi\u00e9n podemos enviarle e-mails con los siguientes prop\u00f3sitos:<\/p>\n<ul style=\"text-align: justify;\">\n<li>Como parte del Servicio. Por ejemplo, le enviaremos (o podr\u00edamos enviarle) e-mails en las siguientes circunstancias:\n<ul>\n<li>Despu\u00e9s de registrarse, notific\u00e1ndole los datos de su cuenta.<\/li>\n<li>E-mails con recordatorios de los servicios que ofrecemos.<\/li>\n<li>Para enviar informaci\u00f3n sobre los Cupones que haya pedido.<\/li>\n<\/ul>\n<\/li>\n<li>Como e-mails promocionales.<\/li>\n<li>Para ofrecer servicios relacionados.<\/li>\n<\/ul>\n<h3 style=\"text-align: justify;\">Menores de Edad<\/h3>\n<p style=\"text-align: justify;\">Nuestros servicios s\u00f3lo est\u00e1n disponibles para aquellas personas que tengan capacidad legal para contratar. Por lo tanto, aquellos que no cumplan con esta condici\u00f3n deber\u00e1n abstenerse de suministrar informaci\u00f3n personal para ser incluida en nuestras bases de datos. Sin embargo, pueden hacerlo a trav\u00e9s de los padres, tutores o curadores, conforme lo establecido en nuestros .<\/p>\n<h3 style=\"text-align: justify;\">Invitar a un amigo<\/h3>\n<p style=\"text-align: justify;\">De acuerdo a su Pol\u00edtica de Privacidad, Muchas Telas toma los recaudos necesarios para evitar el env\u00edo no solicitado de e-mails. Adem\u00e1s Muchas Telas y sus Usuarios no aceptan el \u00abspamming\u00bb o env\u00edo no solicitado de correos electr\u00f3nicos. Por ello se establece que est\u00e1 absolutamente prohibida la utilizaci\u00f3n del servicio \u201cInvita a un amigo\u00bb con fines de spam, o env\u00edo indiscriminado de mensajes de cualquier naturaleza por correo electr\u00f3nico, con cualquier finalidad que esto se realice.<\/p>\n<h3 style=\"text-align: justify;\">Transferencia en circunstancias especiales<\/h3>\n<p style=\"text-align: justify;\">Si existe una venta, una fusi\u00f3n, consolidaci\u00f3n, cambio en el control societario, transferencia de activos sustancial, reorganizaci\u00f3n o liquidaci\u00f3n de Muchas Telas entonces, en nuestra discreci\u00f3n, podemos transferir, vender o asignar la informaci\u00f3n recabada en este Sitio a una o m\u00e1s partes relevantes.<\/p>\n<h3 style=\"text-align: justify;\">Atenci\u00f3n al cliente<\/h3>\n<p style=\"text-align: justify;\">Si tiene alguna duda o preocupaci\u00f3n no dude en contactar con nuestro servicio de atenci\u00f3n al cliente enviando un e-mail a telas@muchastelas.com o llamando al n\u00famero de tel\u00e9fono 943 47 11 80.<\/p>\n<h3 style=\"text-align: justify;\">Modificaci\u00f3n de la presente pol\u00edtica de privacidad<\/h3>\n<p style=\"text-align: justify;\">Muchas Telas se reserva el derecho de modificar su pol\u00edtica de seguridad y protecci\u00f3n de datos con el objeto de adaptarlo a las novedades legislativas o jurisprudenciales, as\u00ed como las que pudieran derivarse de c\u00f3digos tipo existentes en la materia, o por decisiones corporativas estrat\u00e9gicas, con efectos de la fecha de publicaci\u00f3n de dicha modificaci\u00f3n en la p\u00e1gina Web de Muchas Telas. El continuo uso de nuestro Sitio implica la aceptaci\u00f3n por parte del Usuario de los Terminos de esta Politica de Privacidad. Si Ud. no est\u00e1 de acuerdo con la Politica de Privacidad vigente abst\u00e9ngase de utilizar el Sitio.<\/p>\n<\/div>\n<\/div>\n","protected":false},"excerpt":{"rendered":"<p>Pol\u00edtica de privacidad General En el marco del cumplimiento de la Ley Org\u00e1nica 15\/1999, de<\/p>\n","protected":false},"author":3,"featured_media":0,"parent":0,"menu_order":0,"comment_status":"closed","ping_status":"closed","template":"","meta":{"footnotes":""},"class_list":["post-1131","page","type-page","status-publish","hentry"],"yoast_head":"<!-- This site is optimized with the Yoast SEO plugin v26.6 - https:\/\/yoast.com\/wordpress\/plugins\/seo\/ -->\n<title>Pol\u00edtica de Privacidad sorteo Modisitllas - Blog de Muchas Telas<\/title>\n<meta name=\"robots\" content=\"index, follow, max-snippet:-1, max-image-preview:large, max-video-preview:-1\" \/>\n<link rel=\"canonical\" href=\"https:\/\/www.muchastelas.com\/blog\/politica-de-privacidad-sorteo-modisitllas-mk\/\" \/>\n<meta name=\"twitter:label1\" content=\"Tiempo de lectura\" \/>\n\t<meta name=\"twitter:data1\" content=\"9 minutos\" \/>\n<script type=\"application\/ld+json\" class=\"yoast-schema-graph\">{\"@context\":\"https:\/\/schema.org\",\"@graph\":[{\"@type\":\"WebPage\",\"@id\":\"https:\/\/www.muchastelas.com\/blog\/politica-de-privacidad-sorteo-modisitllas-mk\/\",\"url\":\"https:\/\/www.muchastelas.com\/blog\/politica-de-privacidad-sorteo-modisitllas-mk\/\",\"name\":\"Pol\u00edtica de Privacidad sorteo Modisitllas - Blog de Muchas Telas\",\"isPartOf\":{\"@id\":\"https:\/\/www.muchastelas.com\/blog\/#website\"},\"datePublished\":\"2015-11-25T20:18:29+00:00\",\"dateModified\":\"2015-11-27T16:05:17+00:00\",\"breadcrumb\":{\"@id\":\"https:\/\/www.muchastelas.com\/blog\/politica-de-privacidad-sorteo-modisitllas-mk\/#breadcrumb\"},\"inLanguage\":\"es\",\"potentialAction\":[{\"@type\":\"ReadAction\",\"target\":[\"https:\/\/www.muchastelas.com\/blog\/politica-de-privacidad-sorteo-modisitllas-mk\/\"]}]},{\"@type\":\"BreadcrumbList\",\"@id\":\"https:\/\/www.muchastelas.com\/blog\/politica-de-privacidad-sorteo-modisitllas-mk\/#breadcrumb\",\"itemListElement\":[{\"@type\":\"ListItem\",\"position\":1,\"name\":\"Inicio\",\"item\":\"https:\/\/www.muchastelas.com\/blog\/\"},{\"@type\":\"ListItem\",\"position\":2,\"name\":\"Pol\u00edtica de Privacidad sorteo Modisitllas\"}]},{\"@type\":\"WebSite\",\"@id\":\"https:\/\/www.muchastelas.com\/blog\/#website\",\"url\":\"https:\/\/www.muchastelas.com\/blog\/\",\"name\":\"Blog de Muchas Telas\",\"description\":\"Tutoriales, trucos, tienda de telas online. Nos apasionan los tejidos naturales y de calidad. Portes gratis a partir de 30\u20ac de compra. Regalo de bienvenida de 5\u20ac en tu compra, solo por darte de alta como cliente\",\"potentialAction\":[{\"@type\":\"SearchAction\",\"target\":{\"@type\":\"EntryPoint\",\"urlTemplate\":\"https:\/\/www.muchastelas.com\/blog\/?s={search_term_string}\"},\"query-input\":{\"@type\":\"PropertyValueSpecification\",\"valueRequired\":true,\"valueName\":\"search_term_string\"}}],\"inLanguage\":\"es\"}]}<\/script>\n<!-- \/ Yoast SEO plugin. -->","yoast_head_json":{"title":"Pol\u00edtica de Privacidad sorteo Modisitllas - Blog de Muchas Telas","robots":{"index":"index","follow":"follow","max-snippet":"max-snippet:-1","max-image-preview":"max-image-preview:large","max-video-preview":"max-video-preview:-1"},"canonical":"https:\/\/www.muchastelas.com\/blog\/politica-de-privacidad-sorteo-modisitllas-mk\/","twitter_misc":{"Tiempo de lectura":"9 minutos"},"schema":{"@context":"https:\/\/schema.org","@graph":[{"@type":"WebPage","@id":"https:\/\/www.muchastelas.com\/blog\/politica-de-privacidad-sorteo-modisitllas-mk\/","url":"https:\/\/www.muchastelas.com\/blog\/politica-de-privacidad-sorteo-modisitllas-mk\/","name":"Pol\u00edtica de Privacidad sorteo Modisitllas - Blog de Muchas Telas","isPartOf":{"@id":"https:\/\/www.muchastelas.com\/blog\/#website"},"datePublished":"2015-11-25T20:18:29+00:00","dateModified":"2015-11-27T16:05:17+00:00","breadcrumb":{"@id":"https:\/\/www.muchastelas.com\/blog\/politica-de-privacidad-sorteo-modisitllas-mk\/#breadcrumb"},"inLanguage":"es","potentialAction":[{"@type":"ReadAction","target":["https:\/\/www.muchastelas.com\/blog\/politica-de-privacidad-sorteo-modisitllas-mk\/"]}]},{"@type":"BreadcrumbList","@id":"https:\/\/www.muchastelas.com\/blog\/politica-de-privacidad-sorteo-modisitllas-mk\/#breadcrumb","itemListElement":[{"@type":"ListItem","position":1,"name":"Inicio","item":"https:\/\/www.muchastelas.com\/blog\/"},{"@type":"ListItem","position":2,"name":"Pol\u00edtica de Privacidad sorteo Modisitllas"}]},{"@type":"WebSite","@id":"https:\/\/www.muchastelas.com\/blog\/#website","url":"https:\/\/www.muchastelas.com\/blog\/","name":"Blog de Muchas Telas","description":"Tutoriales, trucos, tienda de telas online. Nos apasionan los tejidos naturales y de calidad. Portes gratis a partir de 30\u20ac de compra. Regalo de bienvenida de 5\u20ac en tu compra, solo por darte de alta como cliente","potentialAction":[{"@type":"SearchAction","target":{"@type":"EntryPoint","urlTemplate":"https:\/\/www.muchastelas.com\/blog\/?s={search_term_string}"},"query-input":{"@type":"PropertyValueSpecification","valueRequired":true,"valueName":"search_term_string"}}],"inLanguage":"es"}]}},"_links":{"self":[{"href":"https:\/\/www.muchastelas.com\/blog\/wp-json\/wp\/v2\/pages\/1131","targetHints":{"allow":["GET"]}}],"collection":[{"href":"https:\/\/www.muchastelas.com\/blog\/wp-json\/wp\/v2\/pages"}],"about":[{"href":"https:\/\/www.muchastelas.com\/blog\/wp-json\/wp\/v2\/types\/page"}],"author":[{"embeddable":true,"href":"https:\/\/www.muchastelas.com\/blog\/wp-json\/wp\/v2\/users\/3"}],"replies":[{"embeddable":true,"href":"https:\/\/www.muchastelas.com\/blog\/wp-json\/wp\/v2\/comments?post=1131"}],"version-history":[{"count":5,"href":"https:\/\/www.muchastelas.com\/blog\/wp-json\/wp\/v2\/pages\/1131\/revisions"}],"predecessor-version":[{"id":1347,"href":"https:\/\/www.muchastelas.com\/blog\/wp-json\/wp\/v2\/pages\/1131\/revisions\/1347"}],"wp:attachment":[{"href":"https:\/\/www.muchastelas.com\/blog\/wp-json\/wp\/v2\/media?parent=1131"}],"curies":[{"name":"wp","href":"https:\/\/api.w.org\/{rel}","templated":true}]}}